{"id":442,"date":"2024-01-29T10:14:20","date_gmt":"2024-01-29T10:14:20","guid":{"rendered":"https:\/\/evolutionzenith.co\/contactenos\/"},"modified":"2024-02-12T14:39:52","modified_gmt":"2024-02-12T14:39:52","slug":"contactenos","status":"publish","type":"page","link":"https:\/\/evolutionzenith.co\/es\/contactenos\/","title":{"rendered":"CONT\u00c1CTENOS"},"content":{"rendered":"\n<div class=\"wp-block-group alignwide is-layout-constrained wp-container-core-group-is-layout-fa72c8b5 wp-block-group-is-layout-constrained\" style=\"padding-top:var(--wp--preset--spacing--x-large);padding-bottom:var(--wp--preset--spacing--x-large)\">\n<div class=\"wp-block-columns alignwide is-layout-flex wp-container-core-columns-is-layout-00f84694 wp-block-columns-is-layout-flex\">\n<div class=\"wp-block-column is-vertically-aligned-center is-layout-flow wp-container-core-column-is-layout-c7b3064f wp-block-column-is-layout-flow\">\n<p class=\"has-primary-color has-text-color has-x-small-font-size\" style=\"letter-spacing:2px;text-transform:uppercase\">CONT\u00c1CTENOS<\/p>\n\n\n\n<div class=\"wp-block-group is-layout-constrained wp-container-core-group-is-layout-c40a8074 wp-block-group-is-layout-constrained\">\n<h2 class=\"wp-block-heading\">Estamos aqu\u00ed para ayudarle<\/h2>\n\n\n\n<p>En Evolution Zenith, valoramos la conexi\u00f3n con nuestros usuarios y agradecemos cualquier consulta, comentario o asistencia que pueda necesitar. Nuestro dedicado equipo de soporte est\u00e1 comprometido a garantizar que su experiencia con Evolution Zenith sea fluida y agradable.<\/p>\n<\/div>\n<\/div>\n\n\n\n<div class=\"wp-block-column is-layout-flow wp-block-column-is-layout-flow\">\n<div class=\"wp-block-group has-border-color has-outline-border-color has-surface-background-color has-background is-layout-constrained wp-container-core-group-is-layout-5fbedae1 wp-block-group-is-layout-constrained\" style=\"border-width:1px;border-radius:6px;padding-top:var(--wp--preset--spacing--large);padding-right:var(--wp--preset--spacing--large);padding-bottom:var(--wp--preset--spacing--large);padding-left:var(--wp--preset--spacing--large)\">\n<h6 class=\"wp-block-heading\" style=\"padding-top:var(--wp--preset--spacing--20);padding-right:var(--wp--preset--spacing--50);padding-bottom:var(--wp--preset--spacing--20);padding-left:var(--wp--preset--spacing--50)\">Atenci\u00f3n al cliente<\/h6>\n\n\n\n<hr class=\"wp-block-separator has-text-color has-outline-color has-alpha-channel-opacity has-outline-background-color has-background is-style-wide\" style=\"margin-top:var(--wp--preset--spacing--small);margin-bottom:var(--wp--preset--spacing--small)\"\/>\n\n\n\n<p style=\"padding-top:var(--wp--preset--spacing--20);padding-right:var(--wp--preset--spacing--50);padding-bottom:var(--wp--preset--spacing--20);padding-left:var(--wp--preset--spacing--50)\">Nuestro equipo de atenci\u00f3n al cliente est\u00e1 listo para abordar cualquier pregunta o inquietud que pueda tener. Ya sea que necesite ayuda con la navegaci\u00f3n de la plataforma, tenga consultas sobre nuestros robots comerciales o necesite ayuda con su cuenta, nuestro equipo de soporte est\u00e1 a solo un clic de distancia.<\/p>\n\n\n\n<div class=\"wp-block-buttons is-layout-flex wp-block-buttons-is-layout-flex\" style=\"margin-top:var(--wp--preset--spacing--medium)\"><\/div>\n<\/div>\n<\/div>\n<\/div>\n<\/div>\n\n\n\n<div class=\"wp-block-group alignwide is-layout-constrained wp-container-core-group-is-layout-fa72c8b5 wp-block-group-is-layout-constrained\" style=\"padding-top:var(--wp--preset--spacing--x-large);padding-bottom:var(--wp--preset--spacing--x-large)\">\n<div class=\"wp-block-columns alignwide is-layout-flex wp-container-core-columns-is-layout-00f84694 wp-block-columns-is-layout-flex\">\n<div class=\"wp-block-column is-vertically-aligned-center is-layout-flow wp-container-core-column-is-layout-9bbe8c87 wp-block-column-is-layout-flow\">\n<div class=\"wp-block-group is-layout-constrained wp-block-group-is-layout-constrained\">\n<p class=\"has-primary-color has-text-color has-x-small-font-size\" style=\"letter-spacing:2px;text-transform:uppercase\">CONT\u00c1CTENOS<\/p>\n\n\n\n<h2 class=\"wp-block-heading\">Consultas generales<\/h2>\n\n\n\n<p>\u00bfTiene alguna pregunta general o quiere saber m\u00e1s sobre Evolution Zenith? Nuestro equipo est\u00e1 aqu\u00ed para brindarle la informaci\u00f3n que necesita. Ya sea que se trate de nuestra misi\u00f3n, las caracter\u00edsticas de la plataforma o cualquier otra cosa relacionada con Evolution Zenith, estaremos encantados de ayudarle.<\/p>\n\n\n\n<p>Apreciamos su inter\u00e9s en Evolution Zenith y esperamos poder servirle. \u00a1Gracias por ser parte de nuestra comunidad!<\/p>\n<\/div>\n<\/div>\n\n\n\n<div class=\"wp-block-column is-layout-flow wp-container-core-column-is-layout-c39a6912 wp-block-column-is-layout-flow\">\n<div class=\"wp-block-group has-border-color has-outline-border-color is-layout-constrained wp-container-core-group-is-layout-205f6d9c wp-block-group-is-layout-constrained\" style=\"border-width:1px;border-radius:16px;min-height:100%;padding-top:var(--wp--preset--spacing--20);padding-right:var(--wp--preset--spacing--50);padding-bottom:var(--wp--preset--spacing--20);padding-left:var(--wp--preset--spacing--50)\">\n<h4 class=\"wp-block-heading has-heading-color has-text-color\" style=\"margin-top:var(--wp--preset--spacing--small)\">Datos de contacto<\/h4>\n\n\n\n<div class=\"wp-block-group is-layout-constrained wp-container-core-group-is-layout-7c6d2669 wp-block-group-is-layout-constrained\">\n<p class=\"wp-block-heading has-x-small-font-size\">Oficina Evolution Zenith<\/p>\n\n\n\n<p>Alemania: Sede de Evolution Zenith: L\u00e4rchenstra\u00dfe 141, 65933 Frankfurt am Main, Alemania\nReino Unido: 53 The Broadway, Londres W5 5JS, Reino Unido\nEE.UU.: 224 W 57th St, Nueva York, NY 10019<\/p>\n<\/div>\n\n\n\n<div class=\"wp-block-group is-layout-constrained wp-container-core-group-is-layout-7c6d2669 wp-block-group-is-layout-constrained\">\n<p class=\"wp-block-heading has-x-small-font-size\">Tel\u00e9fono: <a href=\"tel:+49123456789\" target=\"_blank\" rel=\"noreferrer noopener\">+49 123 456 789<\/a><\/p>\n<\/div>\n\n\n\n<div class=\"wp-block-group is-layout-constrained wp-container-core-group-is-layout-7c6d2669 wp-block-group-is-layout-constrained\">\n<p class=\"wp-block-heading has-x-small-font-size\">Correo electr\u00f3nico: support@evolutionzenith.co<\/p>\n<\/div>\n\n\n\n<hr class=\"wp-block-separator has-alpha-channel-opacity is-style-swt-separator-wide-thin-line\"\/>\n<\/div>\n<\/div>\n<\/div>\n\n\n\n<h2 class=\"wp-block-heading\">CONT\u00c1CTENOS<\/h2>\n\n\n\n<div class=\"wp-block-group is-layout-constrained wp-block-group-is-layout-constrained\">\n<div class=\"wp-block-group is-nowrap is-layout-flex wp-container-core-group-is-layout-6c531013 wp-block-group-is-layout-flex\">\n<figure class=\"wp-block-image size-large is-resized\"><img loading=\"lazy\" decoding=\"async\" width=\"1024\" height=\"761\" src=\"https:\/\/evolutionzenith.co\/wp-content\/uploads\/2024\/01\/map-1-1024x761.png\" alt=\"\" class=\"wp-image-396\" style=\"width:602px;height:auto\" srcset=\"https:\/\/evolutionzenith.co\/wp-content\/uploads\/2024\/01\/map-1-1024x761.png 1024w, https:\/\/evolutionzenith.co\/wp-content\/uploads\/2024\/01\/map-1-300x223.png 300w, https:\/\/evolutionzenith.co\/wp-content\/uploads\/2024\/01\/map-1-768x570.png 768w, https:\/\/evolutionzenith.co\/wp-content\/uploads\/2024\/01\/map-1-1536x1141.png 1536w, https:\/\/evolutionzenith.co\/wp-content\/uploads\/2024\/01\/map-1.png 1866w\" sizes=\"auto, (max-width: 1024px) 100vw, 1024px\" \/><\/figure>\n\n\n<p>[contact-form-7 id=&#8221;b4fbbd8&#8243; title=&#8221;Contact Form&#8221;]<\/p>\n<\/div>\n<\/div>\n<\/div>\n","protected":false},"excerpt":{"rendered":"<p>CONT\u00c1CTENOS Estamos aqu\u00ed para ayudarle En Evolution Zenith, valoramos la conexi\u00f3n con nuestros usuarios y agradecemos cualquier consulta, comentario o [&hellip;]<\/p>\n","protected":false},"author":1,"featured_media":0,"parent":0,"menu_order":0,"comment_status":"closed","ping_status":"closed","template":"","meta":{"_acf_changed":false,"_monsterinsights_skip_tracking":false,"_monsterinsights_sitenote_active":false,"_monsterinsights_sitenote_note":"","_monsterinsights_sitenote_category":0,"site-sidebar-layout":"default","site-content-layout":"","ast-site-content-layout":"","site-content-style":"default","site-sidebar-style":"default","ast-global-header-display":"","ast-banner-title-visibility":"","ast-main-header-display":"","ast-hfb-above-header-display":"","ast-hfb-below-header-display":"","ast-hfb-mobile-header-display":"","site-post-title":"disabled","ast-breadcrumbs-content":"","ast-featured-img":"","footer-sml-layout":"","theme-transparent-header-meta":"","adv-header-id-meta":"","stick-header-meta":"","header-above-stick-meta":"","header-main-stick-meta":"","header-below-stick-meta":"","astra-migrate-meta-layouts":"default","ast-page-background-enabled":"default","ast-page-background-meta":{"desktop":{"background-color":"var(--ast-global-color-4)","background-image":"","background-repeat":"repeat","background-position":"center center","background-size":"auto","background-attachment":"scroll","background-type":"","background-media":"","overlay-type":"","overlay-color":"","overlay-opacity":"","overlay-gradient":""},"tablet":{"background-color":"","background-image":"","background-repeat":"repeat","background-position":"center center","background-size":"auto","background-attachment":"scroll","background-type":"","background-media":"","overlay-type":"","overlay-color":"","overlay-opacity":"","overlay-gradient":""},"mobile":{"background-color":"","background-image":"","background-repeat":"repeat","background-position":"center center","background-size":"auto","background-attachment":"scroll","background-type":"","background-media":"","overlay-type":"","overlay-color":"","overlay-opacity":"","overlay-gradient":""}},"ast-content-background-meta":{"desktop":{"background-color":"var(--ast-global-color-5)","background-image":"","background-repeat":"repeat","background-position":"center center","background-size":"auto","background-attachment":"scroll","background-type":"","background-media":"","overlay-type":"","overlay-color":"","overlay-opacity":"","overlay-gradient":""},"tablet":{"background-color":"var(--ast-global-color-5)","background-image":"","background-repeat":"repeat","background-position":"center center","background-size":"auto","background-attachment":"scroll","background-type":"","background-media":"","overlay-type":"","overlay-color":"","overlay-opacity":"","overlay-gradient":""},"mobile":{"background-color":"var(--ast-global-color-5)","background-image":"","background-repeat":"repeat","background-position":"center center","background-size":"auto","background-attachment":"scroll","background-type":"","background-media":"","overlay-type":"","overlay-color":"","overlay-opacity":"","overlay-gradient":""}},"footnotes":""},"class_list":["post-442","page","type-page","status-publish","hentry"],"acf":[],"yoast_head":"<!-- This site is optimized with the Yoast SEO plugin v22.7 - https:\/\/yoast.com\/wordpress\/plugins\/seo\/ -->\n<title>CONT\u00c1CTENOS &#187; Official Website<\/title>\n<meta name=\"description\" content=\"Apreciamos su inter\u00e9s en Evolution Zenith y esperamos poder servirle. \u00a1Gracias por ser parte de nuestra comunidad!\" \/>\n<meta name=\"robots\" content=\"index, follow, max-snippet:-1, max-image-preview:large, max-video-preview:-1\" \/>\n<link rel=\"canonical\" href=\"https:\/\/evolutionzenith.co\/es\/contactenos\/\" \/>\n<meta property=\"og:locale\" content=\"es_ES\" \/>\n<meta property=\"og:type\" content=\"article\" \/>\n<meta property=\"og:title\" content=\"CONT\u00c1CTENOS &#187; Official Website\" \/>\n<meta property=\"og:description\" content=\"Apreciamos su inter\u00e9s en Evolution Zenith y esperamos poder servirle. \u00a1Gracias por ser parte de nuestra comunidad!\" \/>\n<meta property=\"og:url\" content=\"https:\/\/evolutionzenith.co\/es\/contactenos\/\" \/>\n<meta property=\"article:modified_time\" content=\"2024-02-12T14:39:52+00:00\" \/>\n<meta property=\"og:image\" content=\"https:\/\/evolutionzenith.co\/wp-content\/uploads\/2024\/01\/map-1-1024x761.png\" \/>\n<meta name=\"twitter:card\" content=\"summary_large_image\" \/>\n<meta name=\"twitter:label1\" content=\"Tiempo estimado de lectura\" \/>\n\t<meta name=\"twitter:data1\" content=\"2 minutos\" \/>\n<script type=\"application\/ld+json\" class=\"yoast-schema-graph\">{\"@context\":\"https:\/\/schema.org\",\"@graph\":[{\"@type\":\"WebPage\",\"@id\":\"https:\/\/evolutionzenith.co\/es\/contactenos\/\",\"url\":\"https:\/\/evolutionzenith.co\/es\/contactenos\/\",\"name\":\"CONT\u00c1CTENOS &#187; Official Website\",\"isPartOf\":{\"@id\":\"https:\/\/evolutionzenith.co\/es\/#website\"},\"primaryImageOfPage\":{\"@id\":\"https:\/\/evolutionzenith.co\/es\/contactenos\/#primaryimage\"},\"image\":{\"@id\":\"https:\/\/evolutionzenith.co\/es\/contactenos\/#primaryimage\"},\"thumbnailUrl\":\"https:\/\/evolutionzenith.co\/wp-content\/uploads\/2024\/01\/map-1-1024x761.png\",\"datePublished\":\"2024-01-29T10:14:20+00:00\",\"dateModified\":\"2024-02-12T14:39:52+00:00\",\"description\":\"Apreciamos su inter\u00e9s en Evolution Zenith y esperamos poder servirle. \u00a1Gracias por ser parte de nuestra comunidad!\",\"breadcrumb\":{\"@id\":\"https:\/\/evolutionzenith.co\/es\/contactenos\/#breadcrumb\"},\"inLanguage\":\"es-CL\",\"potentialAction\":[{\"@type\":\"ReadAction\",\"target\":[\"https:\/\/evolutionzenith.co\/es\/contactenos\/\"]}]},{\"@type\":\"ImageObject\",\"inLanguage\":\"es-CL\",\"@id\":\"https:\/\/evolutionzenith.co\/es\/contactenos\/#primaryimage\",\"url\":\"https:\/\/evolutionzenith.co\/wp-content\/uploads\/2024\/01\/map-1-1024x761.png\",\"contentUrl\":\"https:\/\/evolutionzenith.co\/wp-content\/uploads\/2024\/01\/map-1-1024x761.png\"},{\"@type\":\"BreadcrumbList\",\"@id\":\"https:\/\/evolutionzenith.co\/es\/contactenos\/#breadcrumb\",\"itemListElement\":[{\"@type\":\"ListItem\",\"position\":1,\"name\":\"Evolution Zenith\",\"item\":\"https:\/\/evolutionzenith.co\/es\/\"},{\"@type\":\"ListItem\",\"position\":2,\"name\":\"CONT\u00c1CTENOS\"}]},{\"@type\":\"WebSite\",\"@id\":\"https:\/\/evolutionzenith.co\/es\/#website\",\"url\":\"https:\/\/evolutionzenith.co\/es\/\",\"name\":\"Evolution Zenith - Best AI crypto trading bot\",\"description\":\"\",\"publisher\":{\"@id\":\"https:\/\/evolutionzenith.co\/es\/#organization\"},\"alternateName\":\"Evolution Zenith\",\"potentialAction\":[{\"@type\":\"SearchAction\",\"target\":{\"@type\":\"EntryPoint\",\"urlTemplate\":\"https:\/\/evolutionzenith.co\/es\/?s={search_term_string}\"},\"query-input\":\"required name=search_term_string\"}],\"inLanguage\":\"es-CL\"},{\"@type\":\"Organization\",\"@id\":\"https:\/\/evolutionzenith.co\/es\/#organization\",\"name\":\"Evolution Zenith\",\"url\":\"https:\/\/evolutionzenith.co\/es\/\",\"logo\":{\"@type\":\"ImageObject\",\"inLanguage\":\"es-CL\",\"@id\":\"https:\/\/evolutionzenith.co\/es\/#\/schema\/logo\/image\/\",\"url\":\"https:\/\/evolutionzenith.co\/wp-content\/uploads\/2025\/03\/logo-ez-svg.svg\",\"contentUrl\":\"https:\/\/evolutionzenith.co\/wp-content\/uploads\/2025\/03\/logo-ez-svg.svg\",\"caption\":\"Evolution Zenith\"},\"image\":{\"@id\":\"https:\/\/evolutionzenith.co\/es\/#\/schema\/logo\/image\/\"}}]}<\/script>\n<!-- \/ Yoast SEO plugin. -->","yoast_head_json":{"title":"CONT\u00c1CTENOS &#187; Official Website","description":"Apreciamos su inter\u00e9s en Evolution Zenith y esperamos poder servirle. \u00a1Gracias por ser parte de nuestra comunidad!","robots":{"index":"index","follow":"follow","max-snippet":"max-snippet:-1","max-image-preview":"max-image-preview:large","max-video-preview":"max-video-preview:-1"},"canonical":"https:\/\/evolutionzenith.co\/es\/contactenos\/","og_locale":"es_ES","og_type":"article","og_title":"CONT\u00c1CTENOS &#187; Official Website","og_description":"Apreciamos su inter\u00e9s en Evolution Zenith y esperamos poder servirle. \u00a1Gracias por ser parte de nuestra comunidad!","og_url":"https:\/\/evolutionzenith.co\/es\/contactenos\/","article_modified_time":"2024-02-12T14:39:52+00:00","og_image":[{"url":"https:\/\/evolutionzenith.co\/wp-content\/uploads\/2024\/01\/map-1-1024x761.png"}],"twitter_card":"summary_large_image","twitter_misc":{"Tiempo estimado de lectura":"2 minutos"},"schema":{"@context":"https:\/\/schema.org","@graph":[{"@type":"WebPage","@id":"https:\/\/evolutionzenith.co\/es\/contactenos\/","url":"https:\/\/evolutionzenith.co\/es\/contactenos\/","name":"CONT\u00c1CTENOS &#187; Official Website","isPartOf":{"@id":"https:\/\/evolutionzenith.co\/es\/#website"},"primaryImageOfPage":{"@id":"https:\/\/evolutionzenith.co\/es\/contactenos\/#primaryimage"},"image":{"@id":"https:\/\/evolutionzenith.co\/es\/contactenos\/#primaryimage"},"thumbnailUrl":"https:\/\/evolutionzenith.co\/wp-content\/uploads\/2024\/01\/map-1-1024x761.png","datePublished":"2024-01-29T10:14:20+00:00","dateModified":"2024-02-12T14:39:52+00:00","description":"Apreciamos su inter\u00e9s en Evolution Zenith y esperamos poder servirle. \u00a1Gracias por ser parte de nuestra comunidad!","breadcrumb":{"@id":"https:\/\/evolutionzenith.co\/es\/contactenos\/#breadcrumb"},"inLanguage":"es-CL","potentialAction":[{"@type":"ReadAction","target":["https:\/\/evolutionzenith.co\/es\/contactenos\/"]}]},{"@type":"ImageObject","inLanguage":"es-CL","@id":"https:\/\/evolutionzenith.co\/es\/contactenos\/#primaryimage","url":"https:\/\/evolutionzenith.co\/wp-content\/uploads\/2024\/01\/map-1-1024x761.png","contentUrl":"https:\/\/evolutionzenith.co\/wp-content\/uploads\/2024\/01\/map-1-1024x761.png"},{"@type":"BreadcrumbList","@id":"https:\/\/evolutionzenith.co\/es\/contactenos\/#breadcrumb","itemListElement":[{"@type":"ListItem","position":1,"name":"Evolution Zenith","item":"https:\/\/evolutionzenith.co\/es\/"},{"@type":"ListItem","position":2,"name":"CONT\u00c1CTENOS"}]},{"@type":"WebSite","@id":"https:\/\/evolutionzenith.co\/es\/#website","url":"https:\/\/evolutionzenith.co\/es\/","name":"Evolution Zenith - Best AI crypto trading bot","description":"","publisher":{"@id":"https:\/\/evolutionzenith.co\/es\/#organization"},"alternateName":"Evolution Zenith","potentialAction":[{"@type":"SearchAction","target":{"@type":"EntryPoint","urlTemplate":"https:\/\/evolutionzenith.co\/es\/?s={search_term_string}"},"query-input":"required name=search_term_string"}],"inLanguage":"es-CL"},{"@type":"Organization","@id":"https:\/\/evolutionzenith.co\/es\/#organization","name":"Evolution Zenith","url":"https:\/\/evolutionzenith.co\/es\/","logo":{"@type":"ImageObject","inLanguage":"es-CL","@id":"https:\/\/evolutionzenith.co\/es\/#\/schema\/logo\/image\/","url":"https:\/\/evolutionzenith.co\/wp-content\/uploads\/2025\/03\/logo-ez-svg.svg","contentUrl":"https:\/\/evolutionzenith.co\/wp-content\/uploads\/2025\/03\/logo-ez-svg.svg","caption":"Evolution Zenith"},"image":{"@id":"https:\/\/evolutionzenith.co\/es\/#\/schema\/logo\/image\/"}}]}},"_links":{"self":[{"href":"https:\/\/evolutionzenith.co\/es\/wp-json\/wp\/v2\/pages\/442","targetHints":{"allow":["GET"]}}],"collection":[{"href":"https:\/\/evolutionzenith.co\/es\/wp-json\/wp\/v2\/pages"}],"about":[{"href":"https:\/\/evolutionzenith.co\/es\/wp-json\/wp\/v2\/types\/page"}],"author":[{"embeddable":true,"href":"https:\/\/evolutionzenith.co\/es\/wp-json\/wp\/v2\/users\/1"}],"replies":[{"embeddable":true,"href":"https:\/\/evolutionzenith.co\/es\/wp-json\/wp\/v2\/comments?post=442"}],"version-history":[{"count":0,"href":"https:\/\/evolutionzenith.co\/es\/wp-json\/wp\/v2\/pages\/442\/revisions"}],"wp:attachment":[{"href":"https:\/\/evolutionzenith.co\/es\/wp-json\/wp\/v2\/media?parent=442"}],"curies":[{"name":"wp","href":"https:\/\/api.w.org\/{rel}","templated":true}]}}